{"id":145,"date":"2022-12-26T10:24:36","date_gmt":"2022-12-26T10:24:36","guid":{"rendered":"https:\/\/www.neskagraphicdesigner.com\/index.php\/product\/wood-clutch\/"},"modified":"2025-07-04T20:13:26","modified_gmt":"2025-07-04T20:13:26","slug":"micro-habitudes","status":"publish","type":"product","link":"https:\/\/www.neskagraphicdesigner.com\/index.php\/product\/micro-habitudes\/","title":{"rendered":"Les secrets des micro-habitudes \u2013 Transforme ta vie en 5 minutes par jour"},"content":{"rendered":"<div class=\"aux-text\">\n<p><img fetchpriority=\"high\" decoding=\"async\" class=\"alignright wp-image-316\" src=\"https:\/\/www.neskagraphicdesigner.com\/wp-content\/uploads\/2025\/07\/510627569_1843170036603138_3725879687272451526_n-300x300.jpg\" alt=\"Femme illustr\u00e9e soufflant un bisou sur un \u00e9cran d\u2019ordinateur avec un message de remerciement pour les r\u00e9seaux sociaux extrait de mon ebook sur les micro-habitudes\" width=\"390\" height=\"390\" srcset=\"https:\/\/www.neskagraphicdesigner.com\/wp-content\/uploads\/2025\/07\/510627569_1843170036603138_3725879687272451526_n-300x300.jpg 300w, https:\/\/www.neskagraphicdesigner.com\/wp-content\/uploads\/2025\/07\/510627569_1843170036603138_3725879687272451526_n-100x100.jpg 100w, https:\/\/www.neskagraphicdesigner.com\/wp-content\/uploads\/2025\/07\/510627569_1843170036603138_3725879687272451526_n-1024x1024.jpg 1024w, https:\/\/www.neskagraphicdesigner.com\/wp-content\/uploads\/2025\/07\/510627569_1843170036603138_3725879687272451526_n-150x150.jpg 150w, https:\/\/www.neskagraphicdesigner.com\/wp-content\/uploads\/2025\/07\/510627569_1843170036603138_3725879687272451526_n-768x768.jpg 768w\" sizes=\"(max-width: 390px) 100vw, 390px\" \/><\/p>\n<p>&nbsp;<\/p>\n<h3 data-start=\"973\" data-end=\"1017\">\u00a0 \u00a0 \u00a0 Pourquoi ce guide sur les Micro-habitudes peut tout changer ?<\/h3>\n<p data-start=\"1018\" data-end=\"1134\">Pour commencer, tu n\u2019as pas besoin de 3 heures par jour pour transformer ta vie.<br data-start=\"1082\" data-end=\"1085\" \/>Ensuite tu as juste besoin de <strong data-start=\"1107\" data-end=\"1133\">5 minutes bien plac\u00e9es<\/strong>.<\/p>\n<p data-start=\"1136\" data-end=\"1266\">En bref, dans ce guide. Je t\u2019emm\u00e8ne \u00e0 la d\u00e9couverte des <strong data-start=\"1183\" data-end=\"1202\">micro-habitudes<\/strong>, ces gestes minuscules qui, r\u00e9p\u00e9t\u00e9s chaque jour, changent tout.<\/p>\n<p data-start=\"1268\" data-end=\"1370\">\u2714\ufe0f Autrement dit, tu auras moins de fatigue mentale<br data-start=\"1295\" data-end=\"1298\" \/>\u2714\ufe0f Ensuite, tu auras oins de culpabilit\u00e9<br data-start=\"1321\" data-end=\"1324\" \/>\u2714\ufe0f Troisi\u00e8mement tu auras plus d\u2019\u00e9nergie, de discipline, de confiance<\/p>\n<p data-start=\"1372\" data-end=\"1549\">C\u2019est simple. Accessible. Et surtout, <strong data-start=\"1410\" data-end=\"1422\">r\u00e9aliste<\/strong>.<br data-start=\"1423\" data-end=\"1426\" \/>Tu ne vas pas devenir un robot de la productivit\u00e9.<br data-start=\"1476\" data-end=\"1479\" \/>Tu vas <strong data-start=\"1486\" data-end=\"1516\">redevenir acteur de ta vie<\/strong>, en commen\u00e7ant petit\u2026 mais fort.<\/p>\n<hr data-start=\"1551\" data-end=\"1554\" \/>\n<h3 data-start=\"1556\" data-end=\"1579\">\u00a0 \u00a0 \u00a0 \u00a0 Donc tu y trouveras :<\/h3>\n<ul data-start=\"1580\" data-end=\"1797\">\n<li data-start=\"1580\" data-end=\"1616\">\n<p data-start=\"1582\" data-end=\"1616\">25 micro-habitudes pr\u00eates \u00e0 tester<\/p>\n<\/li>\n<li data-start=\"1617\" data-end=\"1676\">\n<p data-start=\"1619\" data-end=\"1676\">Des exemples concrets pour ta vie perso, pro, ou sportive<\/p>\n<\/li>\n<li data-start=\"1677\" data-end=\"1729\">\n<p data-start=\"1679\" data-end=\"1729\">Une m\u00e9thode pour cr\u00e9er ta propre routine \u00e9volutive<\/p>\n<\/li>\n<li data-start=\"1730\" data-end=\"1770\">\n<p data-start=\"1732\" data-end=\"1770\">Des t\u00e9moignages et des astuces simples<\/p>\n<\/li>\n<li data-start=\"1771\" data-end=\"1797\">\n<p data-start=\"1773\" data-end=\"1797\">Une checklist \u00e0 imprimer<\/p>\n<\/li>\n<\/ul>\n<hr data-start=\"1799\" data-end=\"1802\" \/>\n<h3 data-start=\"1804\" data-end=\"1838\">\u00a0 \u00a0 \u00a0 \u00a0 En d\u00e9finitive, ce que ce guide n\u2019est pas :<\/h3>\n<p data-start=\"1839\" data-end=\"2018\">\u00a0 \u00a0 \u00a0\u274c Ce n\u2019est pas un \u00e9ni\u00e8me bouquin culpabilisant<br data-start=\"1885\" data-end=\"1888\" \/>\u00a0 \u00a0 \u00a0\u274c Ce n\u2019est pas une m\u00e9thode miracle<br data-start=\"1922\" data-end=\"1925\" \/>\u00a0 \u00a0 \u00a0\u2705 C\u2019est un outil pour t\u2019aider \u00e0 <strong data-start=\"1957\" data-end=\"1988\">cr\u00e9er du changement durable<\/strong>, sans pression ni perfection.<\/p>\n<hr data-start=\"2020\" data-end=\"2023\" \/>\n<h3 data-start=\"2025\" data-end=\"2058\">\u00a0 \u00a0 \u00a0 \u00a0 \u00c0 qui s\u2019adresse ce guide ?<\/h3>\n<ul data-start=\"2059\" data-end=\"2238\">\n<li data-start=\"2059\" data-end=\"2091\">\n<p data-start=\"2061\" data-end=\"2091\">Aussi bien \u00e0 ceux qui se sentent d\u00e9bord\u00e9s<\/p>\n<\/li>\n<li data-start=\"2092\" data-end=\"2139\">\n<p data-start=\"2094\" data-end=\"2139\">Mais aussi \u00e0 ceux qui veulent reprendre confiance en eux<\/p>\n<\/li>\n<li data-start=\"2140\" data-end=\"2173\">\n<p data-start=\"2142\" data-end=\"2173\">\u00c0 tous ceux qui n\u2019ont \u201cpas le temps\u201d<\/p>\n<\/li>\n<li data-start=\"2174\" data-end=\"2238\">\n<p data-start=\"2176\" data-end=\"2238\">Et enfin \u00e0 tous ceux qui veulent avancer, m\u00eame un tout petit peu chaque jour<\/p>\n<\/li>\n<\/ul>\n<hr data-start=\"2240\" data-end=\"2243\" \/>\n<h3 data-start=\"2245\" data-end=\"2258\">\u00a0 \u00a0 \u00a0 \u00a0 Format<\/h3>\n<ul data-start=\"2259\" data-end=\"2373\">\n<li data-start=\"2259\" data-end=\"2308\">\n<p data-start=\"2261\" data-end=\"2308\">Ebook PDF \u00e0 t\u00e9l\u00e9charger directement apr\u00e8s achat<\/p>\n<\/li>\n<li data-start=\"2309\" data-end=\"2337\">\n<p data-start=\"2311\" data-end=\"2337\">Lecture rapide et agr\u00e9able<\/p>\n<\/li>\n<li data-start=\"2338\" data-end=\"2373\">\n<p data-start=\"2340\" data-end=\"2373\">Illustrations modernes et l\u00e9g\u00e8res<\/p>\n<\/li>\n<\/ul>\n<hr data-start=\"2240\" data-end=\"2243\" \/>\n<h3 data-start=\"2245\" data-end=\"2258\">\u00a0 \u00a0 \u00a0 \u00a0 Pour conclure<\/h3>\n<p data-start=\"1764\" data-end=\"2005\">Ce guide te donne des outils concrets pour avancer sans te surcharger.<br data-start=\"1834\" data-end=\"1837\" \/><strong data-start=\"1837\" data-end=\"1870\">Simples. Efficaces. Durables.<\/strong><br data-start=\"1870\" data-end=\"1873\" \/>Alors n\u2019attends pas pour reprendre ta vie en main \u2014 <strong data-start=\"1925\" data-end=\"1952\">chaque petit pas compte<\/strong>.<br data-start=\"1953\" data-end=\"1956\" \/>T\u00e9l\u00e9charge-le maintenant et commence aujourd\u2019hui.<\/p>\n<p data-start=\"2007\" data-end=\"2153\">Parce que <strong data-start=\"2017\" data-end=\"2059\">c\u2019est en suivant ces gestes quotidiens<\/strong> que moi aussi, j\u2019ai r\u00e9ussi \u00e0 me relever\u2026<br data-start=\"2100\" data-end=\"2103\" \/>et \u00e0 devenir <strong data-start=\"2116\" data-end=\"2153\">la meilleure version de moi-m\u00eame.<\/strong><\/p>\n<\/div>\n<p>&nbsp;<\/p>\n<p>&nbsp;<\/p>\n<p data-start=\"2007\" data-end=\"2153\"><a href=\"https:\/\/www.neskagraphicdesigner.com\/index.php\/about\/\">Viens en d\u00e9couvrir plus sur moi<\/a><\/p>\n","protected":false},"excerpt":{"rendered":"<p data-start=\"752\" data-end=\"903\"><strong data-start=\"752\" data-end=\"903\">Un ebook puissant et motivant pour reprendre le contr\u00f4le de ta vie gr\u00e2ce aux micro-habitudes. Concret, rapide, inspirant. Commence d\u00e8s aujourd\u2019hui.<\/strong><\/p>\n","protected":false},"featured_media":317,"comment_status":"open","ping_status":"closed","template":"","meta":[],"product_brand":[],"product_cat":[28],"product_tag":[],"class_list":{"0":"post-145","1":"product","2":"type-product","3":"status-publish","4":"has-post-thumbnail","6":"product_cat-ebooks","8":"first","9":"instock","10":"downloadable","11":"virtual","12":"taxable","13":"purchasable","14":"product-type-simple"},"yoast_head":"<!-- This site is optimized with the Yoast SEO plugin v27.4 - https:\/\/yoast.com\/product\/yoast-seo-wordpress\/ -->\n<title>Les Micro-habitudes, changez votre vie gr\u00e2ce \u00e0 elles | Ebook<\/title>\n<meta name=\"description\" content=\"D\u00e9couvrez l\u2019art des micro-habitudes. Ce guide vous montre comment transformer votre quotidien durablement, en 5 minutes par jour. T\u00e9l\u00e9chargez-le maintenant.\" \/>\n<meta name=\"robots\" content=\"index, follow, max-snippet:-1, max-image-preview:large, max-video-preview:-1\" \/>\n<link rel=\"canonical\" href=\"https:\/\/www.neskagraphicdesigner.com\/index.php\/product\/micro-habitudes\/\" \/>\n<meta property=\"og:locale\" content=\"fr_FR\" \/>\n<meta property=\"og:type\" content=\"article\" \/>\n<meta property=\"og:title\" content=\"Les Micro-habitudes, changez votre vie gr\u00e2ce \u00e0 elles | Ebook\" \/>\n<meta property=\"og:description\" content=\"D\u00e9couvrez l\u2019art des micro-habitudes. Ce guide vous montre comment transformer votre quotidien durablement, en 5 minutes par jour. T\u00e9l\u00e9chargez-le maintenant.\" \/>\n<meta property=\"og:url\" content=\"https:\/\/www.neskagraphicdesigner.com\/index.php\/product\/micro-habitudes\/\" \/>\n<meta property=\"og:site_name\" content=\"Neska Graphic Designer\" \/>\n<meta property=\"article:modified_time\" content=\"2025-07-04T20:13:26+00:00\" \/>\n<meta property=\"og:image\" content=\"https:\/\/www.neskagraphicdesigner.com\/wp-content\/uploads\/2025\/07\/510436663_1787566018825085_2398970741607571894_n.jpg\" \/>\n\t<meta property=\"og:image:width\" content=\"1080\" \/>\n\t<meta property=\"og:image:height\" content=\"1920\" \/>\n\t<meta property=\"og:image:type\" content=\"image\/jpeg\" \/>\n<meta name=\"twitter:card\" content=\"summary_large_image\" \/>\n<meta name=\"twitter:label1\" content=\"Dur\u00e9e de lecture estim\u00e9e\" \/>\n\t<meta name=\"twitter:data1\" content=\"2 minutes\" \/>\n<script type=\"application\/ld+json\" class=\"yoast-schema-graph\">{\"@context\":\"https:\\\/\\\/schema.org\",\"@graph\":[{\"@type\":\"WebPage\",\"@id\":\"https:\\\/\\\/www.neskagraphicdesigner.com\\\/index.php\\\/product\\\/micro-habitudes\\\/\",\"url\":\"https:\\\/\\\/www.neskagraphicdesigner.com\\\/index.php\\\/product\\\/micro-habitudes\\\/\",\"name\":\"Les Micro-habitudes, changez votre vie gr\u00e2ce \u00e0 elles | Ebook\",\"isPartOf\":{\"@id\":\"https:\\\/\\\/www.neskagraphicdesigner.com\\\/#website\"},\"primaryImageOfPage\":{\"@id\":\"https:\\\/\\\/www.neskagraphicdesigner.com\\\/index.php\\\/product\\\/micro-habitudes\\\/#primaryimage\"},\"image\":{\"@id\":\"https:\\\/\\\/www.neskagraphicdesigner.com\\\/index.php\\\/product\\\/micro-habitudes\\\/#primaryimage\"},\"thumbnailUrl\":\"https:\\\/\\\/www.neskagraphicdesigner.com\\\/wp-content\\\/uploads\\\/2025\\\/07\\\/510436663_1787566018825085_2398970741607571894_n.jpg\",\"datePublished\":\"2022-12-26T10:24:36+00:00\",\"dateModified\":\"2025-07-04T20:13:26+00:00\",\"description\":\"D\u00e9couvrez l\u2019art des micro-habitudes. Ce guide vous montre comment transformer votre quotidien durablement, en 5 minutes par jour. T\u00e9l\u00e9chargez-le maintenant.\",\"breadcrumb\":{\"@id\":\"https:\\\/\\\/www.neskagraphicdesigner.com\\\/index.php\\\/product\\\/micro-habitudes\\\/#breadcrumb\"},\"inLanguage\":\"fr-FR\",\"potentialAction\":[{\"@type\":\"ReadAction\",\"target\":[\"https:\\\/\\\/www.neskagraphicdesigner.com\\\/index.php\\\/product\\\/micro-habitudes\\\/\"]}]},{\"@type\":\"ImageObject\",\"inLanguage\":\"fr-FR\",\"@id\":\"https:\\\/\\\/www.neskagraphicdesigner.com\\\/index.php\\\/product\\\/micro-habitudes\\\/#primaryimage\",\"url\":\"https:\\\/\\\/www.neskagraphicdesigner.com\\\/wp-content\\\/uploads\\\/2025\\\/07\\\/510436663_1787566018825085_2398970741607571894_n.jpg\",\"contentUrl\":\"https:\\\/\\\/www.neskagraphicdesigner.com\\\/wp-content\\\/uploads\\\/2025\\\/07\\\/510436663_1787566018825085_2398970741607571894_n.jpg\",\"width\":1080,\"height\":1920,\"caption\":\"Affiche pr\u00e9sentant le Ebook : Les secrets des micro-Habitudes\"},{\"@type\":\"BreadcrumbList\",\"@id\":\"https:\\\/\\\/www.neskagraphicdesigner.com\\\/index.php\\\/product\\\/micro-habitudes\\\/#breadcrumb\",\"itemListElement\":[{\"@type\":\"ListItem\",\"position\":1,\"name\":\"Accueil\",\"item\":\"https:\\\/\\\/www.neskagraphicdesigner.com\\\/\"},{\"@type\":\"ListItem\",\"position\":2,\"name\":\"BOUTIQUE\",\"item\":\"https:\\\/\\\/www.neskagraphicdesigner.com\\\/?page_id=514\"},{\"@type\":\"ListItem\",\"position\":3,\"name\":\"Les secrets des micro-habitudes \u2013 Transforme ta vie en 5 minutes par jour\"}]},{\"@type\":\"WebSite\",\"@id\":\"https:\\\/\\\/www.neskagraphicdesigner.com\\\/#website\",\"url\":\"https:\\\/\\\/www.neskagraphicdesigner.com\\\/\",\"name\":\"Neska Graphic Designer\",\"description\":\"Cr\u00e9ations puissantes pour marques audacieuses\",\"publisher\":{\"@id\":\"https:\\\/\\\/www.neskagraphicdesigner.com\\\/#organization\"},\"potentialAction\":[{\"@type\":\"SearchAction\",\"target\":{\"@type\":\"EntryPoint\",\"urlTemplate\":\"https:\\\/\\\/www.neskagraphicdesigner.com\\\/?s={search_term_string}\"},\"query-input\":{\"@type\":\"PropertyValueSpecification\",\"valueRequired\":true,\"valueName\":\"search_term_string\"}}],\"inLanguage\":\"fr-FR\"},{\"@type\":\"Organization\",\"@id\":\"https:\\\/\\\/www.neskagraphicdesigner.com\\\/#organization\",\"name\":\"Neska Graphic Designer\",\"url\":\"https:\\\/\\\/www.neskagraphicdesigner.com\\\/\",\"logo\":{\"@type\":\"ImageObject\",\"inLanguage\":\"fr-FR\",\"@id\":\"https:\\\/\\\/www.neskagraphicdesigner.com\\\/#\\\/schema\\\/logo\\\/image\\\/\",\"url\":\"https:\\\/\\\/www.neskagraphicdesigner.com\\\/wp-content\\\/uploads\\\/2025\\\/07\\\/514469777_1430193564887611_8918043362756778719_n.jpg\",\"contentUrl\":\"https:\\\/\\\/www.neskagraphicdesigner.com\\\/wp-content\\\/uploads\\\/2025\\\/07\\\/514469777_1430193564887611_8918043362756778719_n.jpg\",\"width\":800,\"height\":400,\"caption\":\"Neska Graphic Designer\"},\"image\":{\"@id\":\"https:\\\/\\\/www.neskagraphicdesigner.com\\\/#\\\/schema\\\/logo\\\/image\\\/\"}}]}<\/script>\n<!-- \/ Yoast SEO plugin. -->","yoast_head_json":{"title":"Les Micro-habitudes, changez votre vie gr\u00e2ce \u00e0 elles | Ebook","description":"D\u00e9couvrez l\u2019art des micro-habitudes. Ce guide vous montre comment transformer votre quotidien durablement, en 5 minutes par jour. T\u00e9l\u00e9chargez-le maintenant.","robots":{"index":"index","follow":"follow","max-snippet":"max-snippet:-1","max-image-preview":"max-image-preview:large","max-video-preview":"max-video-preview:-1"},"canonical":"https:\/\/www.neskagraphicdesigner.com\/index.php\/product\/micro-habitudes\/","og_locale":"fr_FR","og_type":"article","og_title":"Les Micro-habitudes, changez votre vie gr\u00e2ce \u00e0 elles | Ebook","og_description":"D\u00e9couvrez l\u2019art des micro-habitudes. Ce guide vous montre comment transformer votre quotidien durablement, en 5 minutes par jour. T\u00e9l\u00e9chargez-le maintenant.","og_url":"https:\/\/www.neskagraphicdesigner.com\/index.php\/product\/micro-habitudes\/","og_site_name":"Neska Graphic Designer","article_modified_time":"2025-07-04T20:13:26+00:00","og_image":[{"width":1080,"height":1920,"url":"https:\/\/www.neskagraphicdesigner.com\/wp-content\/uploads\/2025\/07\/510436663_1787566018825085_2398970741607571894_n.jpg","type":"image\/jpeg"}],"twitter_card":"summary_large_image","twitter_misc":{"Dur\u00e9e de lecture estim\u00e9e":"2 minutes"},"schema":{"@context":"https:\/\/schema.org","@graph":[{"@type":"WebPage","@id":"https:\/\/www.neskagraphicdesigner.com\/index.php\/product\/micro-habitudes\/","url":"https:\/\/www.neskagraphicdesigner.com\/index.php\/product\/micro-habitudes\/","name":"Les Micro-habitudes, changez votre vie gr\u00e2ce \u00e0 elles | Ebook","isPartOf":{"@id":"https:\/\/www.neskagraphicdesigner.com\/#website"},"primaryImageOfPage":{"@id":"https:\/\/www.neskagraphicdesigner.com\/index.php\/product\/micro-habitudes\/#primaryimage"},"image":{"@id":"https:\/\/www.neskagraphicdesigner.com\/index.php\/product\/micro-habitudes\/#primaryimage"},"thumbnailUrl":"https:\/\/www.neskagraphicdesigner.com\/wp-content\/uploads\/2025\/07\/510436663_1787566018825085_2398970741607571894_n.jpg","datePublished":"2022-12-26T10:24:36+00:00","dateModified":"2025-07-04T20:13:26+00:00","description":"D\u00e9couvrez l\u2019art des micro-habitudes. Ce guide vous montre comment transformer votre quotidien durablement, en 5 minutes par jour. T\u00e9l\u00e9chargez-le maintenant.","breadcrumb":{"@id":"https:\/\/www.neskagraphicdesigner.com\/index.php\/product\/micro-habitudes\/#breadcrumb"},"inLanguage":"fr-FR","potentialAction":[{"@type":"ReadAction","target":["https:\/\/www.neskagraphicdesigner.com\/index.php\/product\/micro-habitudes\/"]}]},{"@type":"ImageObject","inLanguage":"fr-FR","@id":"https:\/\/www.neskagraphicdesigner.com\/index.php\/product\/micro-habitudes\/#primaryimage","url":"https:\/\/www.neskagraphicdesigner.com\/wp-content\/uploads\/2025\/07\/510436663_1787566018825085_2398970741607571894_n.jpg","contentUrl":"https:\/\/www.neskagraphicdesigner.com\/wp-content\/uploads\/2025\/07\/510436663_1787566018825085_2398970741607571894_n.jpg","width":1080,"height":1920,"caption":"Affiche pr\u00e9sentant le Ebook : Les secrets des micro-Habitudes"},{"@type":"BreadcrumbList","@id":"https:\/\/www.neskagraphicdesigner.com\/index.php\/product\/micro-habitudes\/#breadcrumb","itemListElement":[{"@type":"ListItem","position":1,"name":"Accueil","item":"https:\/\/www.neskagraphicdesigner.com\/"},{"@type":"ListItem","position":2,"name":"BOUTIQUE","item":"https:\/\/www.neskagraphicdesigner.com\/?page_id=514"},{"@type":"ListItem","position":3,"name":"Les secrets des micro-habitudes \u2013 Transforme ta vie en 5 minutes par jour"}]},{"@type":"WebSite","@id":"https:\/\/www.neskagraphicdesigner.com\/#website","url":"https:\/\/www.neskagraphicdesigner.com\/","name":"Neska Graphic Designer","description":"Cr\u00e9ations puissantes pour marques audacieuses","publisher":{"@id":"https:\/\/www.neskagraphicdesigner.com\/#organization"},"potentialAction":[{"@type":"SearchAction","target":{"@type":"EntryPoint","urlTemplate":"https:\/\/www.neskagraphicdesigner.com\/?s={search_term_string}"},"query-input":{"@type":"PropertyValueSpecification","valueRequired":true,"valueName":"search_term_string"}}],"inLanguage":"fr-FR"},{"@type":"Organization","@id":"https:\/\/www.neskagraphicdesigner.com\/#organization","name":"Neska Graphic Designer","url":"https:\/\/www.neskagraphicdesigner.com\/","logo":{"@type":"ImageObject","inLanguage":"fr-FR","@id":"https:\/\/www.neskagraphicdesigner.com\/#\/schema\/logo\/image\/","url":"https:\/\/www.neskagraphicdesigner.com\/wp-content\/uploads\/2025\/07\/514469777_1430193564887611_8918043362756778719_n.jpg","contentUrl":"https:\/\/www.neskagraphicdesigner.com\/wp-content\/uploads\/2025\/07\/514469777_1430193564887611_8918043362756778719_n.jpg","width":800,"height":400,"caption":"Neska Graphic Designer"},"image":{"@id":"https:\/\/www.neskagraphicdesigner.com\/#\/schema\/logo\/image\/"}}]}},"_links":{"self":[{"href":"https:\/\/www.neskagraphicdesigner.com\/index.php\/wp-json\/wp\/v2\/product\/145","targetHints":{"allow":["GET"]}}],"collection":[{"href":"https:\/\/www.neskagraphicdesigner.com\/index.php\/wp-json\/wp\/v2\/product"}],"about":[{"href":"https:\/\/www.neskagraphicdesigner.com\/index.php\/wp-json\/wp\/v2\/types\/product"}],"replies":[{"embeddable":true,"href":"https:\/\/www.neskagraphicdesigner.com\/index.php\/wp-json\/wp\/v2\/comments?post=145"}],"wp:featuredmedia":[{"embeddable":true,"href":"https:\/\/www.neskagraphicdesigner.com\/index.php\/wp-json\/wp\/v2\/media\/317"}],"wp:attachment":[{"href":"https:\/\/www.neskagraphicdesigner.com\/index.php\/wp-json\/wp\/v2\/media?parent=145"}],"wp:term":[{"taxonomy":"product_brand","embeddable":true,"href":"https:\/\/www.neskagraphicdesigner.com\/index.php\/wp-json\/wp\/v2\/product_brand?post=145"},{"taxonomy":"product_cat","embeddable":true,"href":"https:\/\/www.neskagraphicdesigner.com\/index.php\/wp-json\/wp\/v2\/product_cat?post=145"},{"taxonomy":"product_tag","embeddable":true,"href":"https:\/\/www.neskagraphicdesigner.com\/index.php\/wp-json\/wp\/v2\/product_tag?post=145"}],"curies":[{"name":"wp","href":"https:\/\/api.w.org\/{rel}","templated":true}]}}