{"id":1819,"date":"2025-07-12T06:47:59","date_gmt":"2025-07-12T06:47:59","guid":{"rendered":"https:\/\/www.neskagraphicdesigner.com\/?page_id=1819"},"modified":"2025-07-12T06:56:35","modified_gmt":"2025-07-12T06:56:35","slug":"cgu","status":"publish","type":"page","link":"https:\/\/www.neskagraphicdesigner.com\/index.php\/cgu\/","title":{"rendered":"CGU"},"content":{"rendered":"\t\t<div data-elementor-type=\"wp-page\" data-elementor-id=\"1819\" class=\"elementor elementor-1819\">\n\t\t\t\t<div class=\"aux-parallax-section elementor-element elementor-element-bd99ff2 e-flex e-con-boxed e-con e-parent\" data-id=\"bd99ff2\" data-element_type=\"container\" data-e-type=\"container\">\n\t\t\t\t\t<div class=\"e-con-inner\">\n\t\t\t\t<div class=\"elementor-element elementor-element-ac9740a elementor-widget elementor-widget-spacer\" data-id=\"ac9740a\" data-element_type=\"widget\" data-e-type=\"widget\" data-widget_type=\"spacer.default\">\n\t\t\t\t<div class=\"elementor-widget-container\">\n\t\t\t\t\t\t\t<div class=\"elementor-spacer\">\n\t\t\t<div class=\"elementor-spacer-inner\"><\/div>\n\t\t<\/div>\n\t\t\t\t\t\t<\/div>\n\t\t\t\t<\/div>\n\t\t\t\t<div class=\"elementor-element elementor-element-a532c7f elementor-widget elementor-widget-aux_modern_heading\" data-id=\"a532c7f\" data-element_type=\"widget\" data-e-type=\"widget\" data-widget_type=\"aux_modern_heading.default\">\n\t\t\t\t<div class=\"elementor-widget-container\">\n\t\t\t\t\t<section class=\"aux-widget-modern-heading\">\n            <div class=\"aux-widget-inner\"><h2 class=\"aux-modern-heading-primary\"><\/h2><div class=\"aux-modern-heading-divider\"><\/div><div class=\"aux-modern-heading-description\"><p style=\"text-align: left\">Conditions G\u00e9n\u00e9rales d\u2019Utilisation<br \/>Derni\u00e8re mise \u00e0 jour : 30 mai 2025<\/p><p style=\"text-align: left\">Bienvenue sur le site de Neska Graphic Designer. En naviguant sur ce site et\/ou en<br \/>sollicitant nos services, vous acceptez pleinement les pr\u00e9sentes Conditions G\u00e9n\u00e9rales<br \/>d\u2019Utilisation.<\/p><p style=\"text-align: left\">1. Pr\u00e9sentation<br \/>Le pr\u00e9sent site internet est \u00e9dit\u00e9 par la soci\u00e9t\u00e9 Neska, immatricul\u00e9e sous le code APE<br \/>7410Z (Activit\u00e9s de design graphique), dont le si\u00e8ge est situ\u00e9 au 80 Grand Rue, 57970<br \/>Yutz.<\/p><p style=\"text-align: left\">2. Services propos\u00e9s<br \/>Neska Graphic Designer propose une large gamme de services cr\u00e9atifs et professionnels dans<br \/>les domaines suivants :<br \/>Graphisme &amp; communication visuelle - Cr\u00e9ation graphique sur tout support : logo, carte de<br \/>visite, flyer, affiche, charte graphique, mise en page - Design pour r\u00e9seaux sociaux,<br \/>banni\u00e8res, visuels num\u00e9riques et imprim\u00e9s - Cr\u00e9ation de chartes graphiques compl\u00e8tes :<br \/>banni\u00e8res, en-t\u00eates d\u2019e-mails, mod\u00e8les de factures, devis, etc. - Cr\u00e9ation de mockups<br \/>professionnels et d\u00e9clinaisons web - Affiches commerciales et supports de communication<br \/>print<br \/>Impression &amp; signal\u00e9tique - Conception, impression et vente de faire-part (mariage,<br \/>bapt\u00eame, anniversaire, etc.) - R\u00e9alisation de stickers, panneaux publicitaires,<br \/>banderoles, enseignes, signal\u00e9tiques, vitrophanies - Cr\u00e9ation de panneaux d\u2019am\u00e9nagement,<br \/>roll-ups, totems, affichages professionnels<br \/>Produits personnalis\u00e9s - Personnalisation de supports textiles (v\u00eatements, sacs\u2026) et<br \/>accessoires d\u00e9riv\u00e9s - Cr\u00e9ation d\u2019objets \u00e0 l\u2019image de la soci\u00e9t\u00e9 ou des clients<br \/>Web &amp; digital - Cr\u00e9ation, gestion, maintenance et commercialisation de sites internet<br \/>(vitrine ou e-commerce) - Packaging design - Design de covering (fichiers num\u00e9riques<br \/>uniquement)<br \/>Community management &amp; strat\u00e9gie - Cr\u00e9ation de contenu pour les r\u00e9seaux sociaux <br \/>\u00c9laboration et mise en place de strat\u00e9gies de communication adapt\u00e9es - Accompagnement et<br \/>suivi dans la gestion des r\u00e9seaux sociaux<br \/>Multim\u00e9dia &amp; contenus promotionnels - R\u00e9alisation de vid\u00e9os promotionnelles ou artistiques- Photographie professionnelle - Cr\u00e9ation de CV, lettres de motivation, et supports de<br \/>candidature personnalis\u00e9s<br \/>Activit\u00e9s artistiques &amp; publications - R\u00e9alisation de tatouages artistiques et<br \/>organisation de sessions de tatouage - Vente d\u2019\u0153uvres originales et de produits d\u00e9riv\u00e9s <br \/>\u00c9criture, publication, diffusion et vente de livres, e-books, guides et autres supports<br \/>(papier ou num\u00e9rique) - Animation de contenus autour des publications : conf\u00e9rences,<br \/>ateliers, publications \u00e9ditoriales<br \/>Droits &amp; \u00e9v\u00e9nements - Cession de droits d\u2019auteur sur les cr\u00e9ations (artistiques,<br \/>visuelles, litt\u00e9raires, num\u00e9riques) - Participation \u00e0 des \u00e9v\u00e9nements artistiques ou<br \/>commerciaux : salons, expositions, conventions - Vente de prestations et produits li\u00e9s \u00e0<br \/>l\u2019univers du design, du tatouage et de la communication visuelle, en ligne ou sur place<br \/>Autres prestations - D\u00e9clinaisons visuelles, vectorisation, prestations sur mesure - Et<br \/>plus g\u00e9n\u00e9ralement, toutes op\u00e9rations commerciales, industrielles, mobili\u00e8res ou<br \/>immobili\u00e8res pouvant se rattacher directement ou indirectement \u00e0 l'objet social ou \u00e0 tout<br \/>objet similaire ou connexe<\/p><p style=\"text-align: left\">3. Propri\u00e9t\u00e9 intellectuelle<br \/>Tous les contenus (textes, visuels, logos, concepts, maquettes) cr\u00e9\u00e9s dans le cadre des<br \/>prestations sont prot\u00e9g\u00e9s par le droit d\u2019auteur. Toute reproduction totale ou partielle<br \/>sans autorisation est strictement interdite.<br \/>Les droits d\u2019exploitation des cr\u00e9ations sont c\u00e9d\u00e9s apr\u00e8s r\u00e8glement int\u00e9gral de la<br \/>prestation (sauf mention contraire dans le devis).<\/p><p style=\"text-align: left\">4. Commandes et paiements<br \/>Toute commande valid\u00e9e implique l\u2019acceptation du devis transmis.<br \/>Le paiement s\u2019effectue par virement bancaire, carte bancaire ou tout autre moyen convenu.<br \/>Un acompte de 30 % peut \u00eatre exig\u00e9 avant le d\u00e9marrage du projet.<\/p><p style=\"text-align: left\">5. D\u00e9lais &amp; modifications<br \/>Les d\u00e9lais de r\u00e9alisation sont indiqu\u00e9s \u00e0 titre informatif. Toute demande de modification<br \/>hors brief initial peut faire l\u2019objet d\u2019une facturation suppl\u00e9mentaire.<\/p><p style=\"text-align: left\">6. Responsabilit\u00e9<br \/>Le site peut contenir des liens externes. Neska Graphic Designer n\u2019est pas responsable du<br \/>contenu ou du bon fonctionnement de ces sites.<\/p><p style=\"text-align: left\">7. Litiges<br \/>En cas de litige, une solution amiable sera privil\u00e9gi\u00e9e. \u00c0 d\u00e9faut, le litige rel\u00e8vera de<br \/>la comp\u00e9tence des tribunaux de Metz (France).<\/p><\/div><\/div>\n        <\/section>\t\t\t\t<\/div>\n\t\t\t\t<\/div>\n\t\t\t\t\t<\/div>\n\t\t\t\t<\/div>\n\t\t\t\t<\/div>\n\t\t","protected":false},"excerpt":{"rendered":"<p>Conditions G\u00e9n\u00e9rales d\u2019UtilisationDerni\u00e8re mise \u00e0 jour : 30 mai 2025 Bienvenue sur le site de Neska Graphic Designer. En naviguant sur ce site et\/ou ensollicitant nos services, vous acceptez pleinement les pr\u00e9sentes Conditions G\u00e9n\u00e9ralesd\u2019Utilisation. 1. Pr\u00e9sentationLe pr\u00e9sent site internet est \u00e9dit\u00e9 par la soci\u00e9t\u00e9 Neska, immatricul\u00e9e sous le code APE7410Z (Activit\u00e9s de design graphique), dont [&hellip;]<\/p>\n","protected":false},"author":1,"featured_media":0,"parent":0,"menu_order":0,"comment_status":"closed","ping_status":"closed","template":"elementor_theme","meta":{"footnotes":""},"class_list":["post-1819","page","type-page","status-publish","hentry"],"yoast_head":"<!-- This site is optimized with the Yoast SEO plugin v27.4 - https:\/\/yoast.com\/product\/yoast-seo-wordpress\/ -->\n<title>CGU - Neska Graphic Designer<\/title>\n<meta name=\"robots\" content=\"index, follow, max-snippet:-1, max-image-preview:large, max-video-preview:-1\" \/>\n<link rel=\"canonical\" href=\"https:\/\/www.neskagraphicdesigner.com\/index.php\/cgu\/\" \/>\n<meta property=\"og:locale\" content=\"fr_FR\" \/>\n<meta property=\"og:type\" content=\"article\" \/>\n<meta property=\"og:title\" content=\"CGU - Neska Graphic Designer\" \/>\n<meta property=\"og:description\" content=\"Conditions G\u00e9n\u00e9rales d\u2019UtilisationDerni\u00e8re mise \u00e0 jour : 30 mai 2025 Bienvenue sur le site de Neska Graphic Designer. En naviguant sur ce site et\/ou ensollicitant nos services, vous acceptez pleinement les pr\u00e9sentes Conditions G\u00e9n\u00e9ralesd\u2019Utilisation. 1. Pr\u00e9sentationLe pr\u00e9sent site internet est \u00e9dit\u00e9 par la soci\u00e9t\u00e9 Neska, immatricul\u00e9e sous le code APE7410Z (Activit\u00e9s de design graphique), dont [&hellip;]\" \/>\n<meta property=\"og:url\" content=\"https:\/\/www.neskagraphicdesigner.com\/index.php\/cgu\/\" \/>\n<meta property=\"og:site_name\" content=\"Neska Graphic Designer\" \/>\n<meta property=\"article:modified_time\" content=\"2025-07-12T06:56:35+00:00\" \/>\n<meta name=\"twitter:card\" content=\"summary_large_image\" \/>\n<meta name=\"twitter:label1\" content=\"Dur\u00e9e de lecture estim\u00e9e\" \/>\n\t<meta name=\"twitter:data1\" content=\"3 minutes\" \/>\n<script type=\"application\/ld+json\" class=\"yoast-schema-graph\">{\"@context\":\"https:\\\/\\\/schema.org\",\"@graph\":[{\"@type\":\"WebPage\",\"@id\":\"https:\\\/\\\/www.neskagraphicdesigner.com\\\/index.php\\\/cgu\\\/\",\"url\":\"https:\\\/\\\/www.neskagraphicdesigner.com\\\/index.php\\\/cgu\\\/\",\"name\":\"CGU - Neska Graphic Designer\",\"isPartOf\":{\"@id\":\"https:\\\/\\\/www.neskagraphicdesigner.com\\\/#website\"},\"datePublished\":\"2025-07-12T06:47:59+00:00\",\"dateModified\":\"2025-07-12T06:56:35+00:00\",\"breadcrumb\":{\"@id\":\"https:\\\/\\\/www.neskagraphicdesigner.com\\\/index.php\\\/cgu\\\/#breadcrumb\"},\"inLanguage\":\"fr-FR\",\"potentialAction\":[{\"@type\":\"ReadAction\",\"target\":[\"https:\\\/\\\/www.neskagraphicdesigner.com\\\/index.php\\\/cgu\\\/\"]}]},{\"@type\":\"BreadcrumbList\",\"@id\":\"https:\\\/\\\/www.neskagraphicdesigner.com\\\/index.php\\\/cgu\\\/#breadcrumb\",\"itemListElement\":[{\"@type\":\"ListItem\",\"position\":1,\"name\":\"Accueil\",\"item\":\"https:\\\/\\\/www.neskagraphicdesigner.com\\\/\"},{\"@type\":\"ListItem\",\"position\":2,\"name\":\"CGU\"}]},{\"@type\":\"WebSite\",\"@id\":\"https:\\\/\\\/www.neskagraphicdesigner.com\\\/#website\",\"url\":\"https:\\\/\\\/www.neskagraphicdesigner.com\\\/\",\"name\":\"Neska Graphic Designer\",\"description\":\"Cr\u00e9ations puissantes pour marques audacieuses\",\"publisher\":{\"@id\":\"https:\\\/\\\/www.neskagraphicdesigner.com\\\/#organization\"},\"potentialAction\":[{\"@type\":\"SearchAction\",\"target\":{\"@type\":\"EntryPoint\",\"urlTemplate\":\"https:\\\/\\\/www.neskagraphicdesigner.com\\\/?s={search_term_string}\"},\"query-input\":{\"@type\":\"PropertyValueSpecification\",\"valueRequired\":true,\"valueName\":\"search_term_string\"}}],\"inLanguage\":\"fr-FR\"},{\"@type\":\"Organization\",\"@id\":\"https:\\\/\\\/www.neskagraphicdesigner.com\\\/#organization\",\"name\":\"Neska Graphic Designer\",\"url\":\"https:\\\/\\\/www.neskagraphicdesigner.com\\\/\",\"logo\":{\"@type\":\"ImageObject\",\"inLanguage\":\"fr-FR\",\"@id\":\"https:\\\/\\\/www.neskagraphicdesigner.com\\\/#\\\/schema\\\/logo\\\/image\\\/\",\"url\":\"https:\\\/\\\/www.neskagraphicdesigner.com\\\/wp-content\\\/uploads\\\/2025\\\/07\\\/514469777_1430193564887611_8918043362756778719_n.jpg\",\"contentUrl\":\"https:\\\/\\\/www.neskagraphicdesigner.com\\\/wp-content\\\/uploads\\\/2025\\\/07\\\/514469777_1430193564887611_8918043362756778719_n.jpg\",\"width\":800,\"height\":400,\"caption\":\"Neska Graphic Designer\"},\"image\":{\"@id\":\"https:\\\/\\\/www.neskagraphicdesigner.com\\\/#\\\/schema\\\/logo\\\/image\\\/\"}}]}<\/script>\n<!-- \/ Yoast SEO plugin. -->","yoast_head_json":{"title":"CGU - Neska Graphic Designer","robots":{"index":"index","follow":"follow","max-snippet":"max-snippet:-1","max-image-preview":"max-image-preview:large","max-video-preview":"max-video-preview:-1"},"canonical":"https:\/\/www.neskagraphicdesigner.com\/index.php\/cgu\/","og_locale":"fr_FR","og_type":"article","og_title":"CGU - Neska Graphic Designer","og_description":"Conditions G\u00e9n\u00e9rales d\u2019UtilisationDerni\u00e8re mise \u00e0 jour : 30 mai 2025 Bienvenue sur le site de Neska Graphic Designer. En naviguant sur ce site et\/ou ensollicitant nos services, vous acceptez pleinement les pr\u00e9sentes Conditions G\u00e9n\u00e9ralesd\u2019Utilisation. 1. Pr\u00e9sentationLe pr\u00e9sent site internet est \u00e9dit\u00e9 par la soci\u00e9t\u00e9 Neska, immatricul\u00e9e sous le code APE7410Z (Activit\u00e9s de design graphique), dont [&hellip;]","og_url":"https:\/\/www.neskagraphicdesigner.com\/index.php\/cgu\/","og_site_name":"Neska Graphic Designer","article_modified_time":"2025-07-12T06:56:35+00:00","twitter_card":"summary_large_image","twitter_misc":{"Dur\u00e9e de lecture estim\u00e9e":"3 minutes"},"schema":{"@context":"https:\/\/schema.org","@graph":[{"@type":"WebPage","@id":"https:\/\/www.neskagraphicdesigner.com\/index.php\/cgu\/","url":"https:\/\/www.neskagraphicdesigner.com\/index.php\/cgu\/","name":"CGU - Neska Graphic Designer","isPartOf":{"@id":"https:\/\/www.neskagraphicdesigner.com\/#website"},"datePublished":"2025-07-12T06:47:59+00:00","dateModified":"2025-07-12T06:56:35+00:00","breadcrumb":{"@id":"https:\/\/www.neskagraphicdesigner.com\/index.php\/cgu\/#breadcrumb"},"inLanguage":"fr-FR","potentialAction":[{"@type":"ReadAction","target":["https:\/\/www.neskagraphicdesigner.com\/index.php\/cgu\/"]}]},{"@type":"BreadcrumbList","@id":"https:\/\/www.neskagraphicdesigner.com\/index.php\/cgu\/#breadcrumb","itemListElement":[{"@type":"ListItem","position":1,"name":"Accueil","item":"https:\/\/www.neskagraphicdesigner.com\/"},{"@type":"ListItem","position":2,"name":"CGU"}]},{"@type":"WebSite","@id":"https:\/\/www.neskagraphicdesigner.com\/#website","url":"https:\/\/www.neskagraphicdesigner.com\/","name":"Neska Graphic Designer","description":"Cr\u00e9ations puissantes pour marques audacieuses","publisher":{"@id":"https:\/\/www.neskagraphicdesigner.com\/#organization"},"potentialAction":[{"@type":"SearchAction","target":{"@type":"EntryPoint","urlTemplate":"https:\/\/www.neskagraphicdesigner.com\/?s={search_term_string}"},"query-input":{"@type":"PropertyValueSpecification","valueRequired":true,"valueName":"search_term_string"}}],"inLanguage":"fr-FR"},{"@type":"Organization","@id":"https:\/\/www.neskagraphicdesigner.com\/#organization","name":"Neska Graphic Designer","url":"https:\/\/www.neskagraphicdesigner.com\/","logo":{"@type":"ImageObject","inLanguage":"fr-FR","@id":"https:\/\/www.neskagraphicdesigner.com\/#\/schema\/logo\/image\/","url":"https:\/\/www.neskagraphicdesigner.com\/wp-content\/uploads\/2025\/07\/514469777_1430193564887611_8918043362756778719_n.jpg","contentUrl":"https:\/\/www.neskagraphicdesigner.com\/wp-content\/uploads\/2025\/07\/514469777_1430193564887611_8918043362756778719_n.jpg","width":800,"height":400,"caption":"Neska Graphic Designer"},"image":{"@id":"https:\/\/www.neskagraphicdesigner.com\/#\/schema\/logo\/image\/"}}]}},"_links":{"self":[{"href":"https:\/\/www.neskagraphicdesigner.com\/index.php\/wp-json\/wp\/v2\/pages\/1819","targetHints":{"allow":["GET"]}}],"collection":[{"href":"https:\/\/www.neskagraphicdesigner.com\/index.php\/wp-json\/wp\/v2\/pages"}],"about":[{"href":"https:\/\/www.neskagraphicdesigner.com\/index.php\/wp-json\/wp\/v2\/types\/page"}],"author":[{"embeddable":true,"href":"https:\/\/www.neskagraphicdesigner.com\/index.php\/wp-json\/wp\/v2\/users\/1"}],"replies":[{"embeddable":true,"href":"https:\/\/www.neskagraphicdesigner.com\/index.php\/wp-json\/wp\/v2\/comments?post=1819"}],"version-history":[{"count":10,"href":"https:\/\/www.neskagraphicdesigner.com\/index.php\/wp-json\/wp\/v2\/pages\/1819\/revisions"}],"predecessor-version":[{"id":1829,"href":"https:\/\/www.neskagraphicdesigner.com\/index.php\/wp-json\/wp\/v2\/pages\/1819\/revisions\/1829"}],"wp:attachment":[{"href":"https:\/\/www.neskagraphicdesigner.com\/index.php\/wp-json\/wp\/v2\/media?parent=1819"}],"curies":[{"name":"wp","href":"https:\/\/api.w.org\/{rel}","templated":true}]}}